{"id":67,"date":"2025-05-28T15:39:20","date_gmt":"2025-05-28T13:39:20","guid":{"rendered":"https:\/\/onlyteach.de\/?page_id=67"},"modified":"2025-06-23T15:08:06","modified_gmt":"2025-06-23T13:08:06","slug":"page-2","status":"publish","type":"page","link":"https:\/\/onlyteach.de\/?page_id=67","title":{"rendered":"Produkte"},"content":{"rendered":"<div style=\"height:110px\" aria-hidden=\"true\" class=\"wp-block-spacer\"><\/div><h2 class=\"wp-block-heading has-text-align-left\"><strong><mark style=\"background-color:rgba(0, 0, 0, 0)\" class=\"has-inline-color has-vivid-red-color\">Stundenpacket<\/mark><\/strong><\/h2><div style=\"height:100px\" aria-hidden=\"true\" class=\"wp-block-spacer\"><\/div><div class=\"wp-block-group alignfull is-content-justification-center\" style=\"margin-top:0;margin-bottom:0;padding-top:calc( 0.5 * var(--wp--style--root--padding-right, var(--wp--custom--gap--horizontal)));padding-right:var(--wp--style--root--padding-right, var(--wp--custom--gap--horizontal));padding-bottom:calc( 0.5 * var(--wp--style--root--padding-right, var(--wp--custom--gap--horizontal)));padding-left:var(--wp--style--root--padding-left, var(--wp--custom--gap--horizontal))\"><div class=\"wp-block-group__inner-container is-layout-constrained wp-container-core-group-is-layout-b073b61b wp-block-group-is-layout-constrained\"><div style=\"height:calc( 0.25 * var(--wp--style--root--padding-right, var(--wp--custom--gap--horizontal)))\" aria-hidden=\"true\" class=\"wp-block-spacer\"><\/div>\n\n<div class=\"wp-block-group alignfull is-content-justification-center\" style=\"margin-top:0;margin-bottom:0;padding-top:calc( 0.5 * var(--wp--style--root--padding-right, var(--wp--custom--gap--horizontal)));padding-right:var(--wp--style--root--padding-right, var(--wp--custom--gap--horizontal));padding-bottom:calc( 0.5 * var(--wp--style--root--padding-right, var(--wp--custom--gap--horizontal)));padding-left:var(--wp--style--root--padding-left, var(--wp--custom--gap--horizontal))\"><div class=\"wp-block-group__inner-container is-layout-constrained wp-container-core-group-is-layout-bea43fe8 wp-block-group-is-layout-constrained\"><div style=\"height:calc( 0.25 * var(--wp--style--root--padding-right, var(--wp--custom--gap--horizontal)))\" aria-hidden=\"true\" class=\"wp-block-spacer\"><\/div>\n\n<div class=\"wp-block-columns alignfull is-layout-flex wp-container-core-columns-is-layout-5f4f44cd wp-block-columns-is-layout-flex\" style=\"padding-top:0;padding-right:0;padding-bottom:0;padding-left:0\"><div class=\"wp-block-column is-layout-flow wp-block-column-is-layout-flow\"><div class=\"wp-block-cover is-light\"><img loading=\"lazy\" decoding=\"async\" width=\"1024\" height=\"540\" class=\"wp-block-cover__image-background wp-image-238 size-large\" alt=\"\" src=\"https:\/\/onlyteach.de\/wp-content\/uploads\/2025\/06\/pexels-mahmoudramadan-32624440-1024x540.jpg\" data-object-fit=\"cover\" srcset=\"https:\/\/onlyteach.de\/wp-content\/uploads\/2025\/06\/pexels-mahmoudramadan-32624440-1024x540.jpg 1024w, https:\/\/onlyteach.de\/wp-content\/uploads\/2025\/06\/pexels-mahmoudramadan-32624440-300x158.jpg 300w, https:\/\/onlyteach.de\/wp-content\/uploads\/2025\/06\/pexels-mahmoudramadan-32624440-768x405.jpg 768w, https:\/\/onlyteach.de\/wp-content\/uploads\/2025\/06\/pexels-mahmoudramadan-32624440-1536x810.jpg 1536w, https:\/\/onlyteach.de\/wp-content\/uploads\/2025\/06\/pexels-mahmoudramadan-32624440-2048x1080.jpg 2048w, https:\/\/onlyteach.de\/wp-content\/uploads\/2025\/06\/pexels-mahmoudramadan-32624440-600x316.jpg 600w\" sizes=\"auto, (max-width: 1024px) 100vw, 1024px\" \/><span aria-hidden=\"true\" class=\"wp-block-cover__background has-background-dim-0 has-background-dim\" style=\"background-color:#6e5c49\"><\/span><div class=\"wp-block-cover__inner-container is-layout-flow wp-block-cover-is-layout-flow\"><p class=\"has-text-align-center has-large-font-size\"><\/p><\/div><\/div><\/div>\n\n<div class=\"wp-block-column is-vertically-aligned-center is-layout-constrained wp-container-core-column-is-layout-82686151 wp-block-column-is-layout-constrained\" style=\"padding-top:0;padding-right:0;padding-bottom:0;padding-left:0\"><div class=\"wp-block-group alignfull\" style=\"margin-top:var(--wp--preset--spacing--40);margin-bottom:var(--wp--preset--spacing--40);padding-top:0px;padding-right:60px;padding-bottom:0px;padding-left:60px\"><div class=\"wp-block-group__inner-container is-layout-flow wp-block-group-is-layout-flow\"><h2 class=\"wp-block-heading has-text-align-left has-large-font-size\"><mark style=\"background-color:rgba(0, 0, 0, 0)\" class=\"has-inline-color has-black-color\">10 x volle F\u00f6rderung \u2013 ein Preis!<\/mark><\/h2>\n\n<p style=\"margin-bottom:var(--wp--preset--spacing--40)\">Sichern Sie sich unser beliebtes <strong><mark style=\"background-color:rgba(0, 0, 0, 0)\" class=\"has-inline-color has-vivid-red-color\">Stundenpaket: 10 x 45 Minuten Einzelunterricht f\u00fcr nur 315 \u20ac. <\/mark><\/strong>Ob Hausaufgabenhilfe, Pr\u00fcfungsvorbereitung oder gezielte F\u00f6rderung in unseren Kursen \u2013 flexibel nutzbar vor Ort oder virtuell nach Absprache.<\/p>\n\n<div class=\"wp-block-buttons is-layout-flex wp-block-buttons-is-layout-flex\" style=\"margin-top:64px\"><div class=\"wp-block-button has-custom-font-size\"><a class=\"wp-block-button__link has-text-align-left wp-element-button\" href=\"https:\/\/onlyteach.de\/?page_id=68\">Meld dich<\/a><\/div><\/div><\/div><\/div><\/div><\/div>\n\n<div class=\"wp-block-columns alignfull is-layout-flex wp-container-core-columns-is-layout-5f4f44cd wp-block-columns-is-layout-flex\" style=\"padding-top:0;padding-right:0;padding-bottom:0;padding-left:0\"><div class=\"wp-block-column is-vertically-aligned-center is-layout-flow wp-block-column-is-layout-flow\" style=\"padding-top:0;padding-right:0;padding-bottom:0;padding-left:0\"><div class=\"wp-block-group\" style=\"padding-top:50px;padding-right:50px;padding-bottom:50px;padding-left:50px\"><div class=\"wp-block-group__inner-container is-layout-constrained wp-container-core-group-is-layout-e8344f45 wp-block-group-is-layout-constrained\"><div class=\"wp-block-group\"><div class=\"wp-block-group__inner-container is-layout-flow wp-block-group-is-layout-flow\"><h5 class=\"wp-block-heading\" style=\"text-transform:capitalize\"><strong>Individuell &amp; Effektiv<\/strong><\/h5>\n\n<p style=\"margin-top:25px;margin-right:0;margin-bottom:0;margin-left:0;padding-top:0;padding-right:0;padding-bottom:0;padding-left:0\">Unser Stundenpaket passt sich an \u2013 ganz nach den Bed\u00fcrfnissen deines Kindes. Ob Einzelunterricht, Hausaufgabenhilfe, Pr\u00fcfungsvorbereitung oder Kurs: 10 x 45 Minuten gezielte F\u00f6rderung, vor Ort oder virtuell. Pers\u00f6nlich, motivierend und wirksam<\/p>\n\n<p><\/p><\/div><\/div>\n\n<div class=\"wp-block-group\"><div class=\"wp-block-group__inner-container is-layout-flow wp-block-group-is-layout-flow\"><h5 class=\"wp-block-heading\" style=\"text-transform:capitalize\"><strong>Preiswert &amp; Flexibel<\/strong><\/h5>\n\n<p style=\"margin-top:25px\">Beste Bildung muss nicht teuer sein: Mit unserem 10er-Paket erh\u00e4ltst du qualifizierte Nachhilfe f\u00fcr nur 315\u202f\u20ac. Alle Stunden sind flexibel einsetzbar \u2013 f\u00fcr Einzelunterricht, Kurse oder Pr\u00fcfungstrainings. Online oder vor Ort, wie es am besten passt.<\/p><\/div><\/div><\/div><\/div><\/div>\n\n<div class=\"wp-block-column is-vertically-aligned-center is-layout-flow wp-block-column-is-layout-flow\"><div class=\"wp-block-cover is-light\"><img loading=\"lazy\" decoding=\"async\" width=\"683\" height=\"1024\" class=\"wp-block-cover__image-background wp-image-239 size-large\" alt=\"\" src=\"https:\/\/onlyteach.de\/wp-content\/uploads\/2025\/06\/pexels-monique-buchholz-479644518-30133608-683x1024.jpg\" data-object-fit=\"cover\" srcset=\"https:\/\/onlyteach.de\/wp-content\/uploads\/2025\/06\/pexels-monique-buchholz-479644518-30133608-683x1024.jpg 683w, https:\/\/onlyteach.de\/wp-content\/uploads\/2025\/06\/pexels-monique-buchholz-479644518-30133608-200x300.jpg 200w, https:\/\/onlyteach.de\/wp-content\/uploads\/2025\/06\/pexels-monique-buchholz-479644518-30133608-768x1152.jpg 768w, https:\/\/onlyteach.de\/wp-content\/uploads\/2025\/06\/pexels-monique-buchholz-479644518-30133608-1024x1536.jpg 1024w, https:\/\/onlyteach.de\/wp-content\/uploads\/2025\/06\/pexels-monique-buchholz-479644518-30133608-1365x2048.jpg 1365w, https:\/\/onlyteach.de\/wp-content\/uploads\/2025\/06\/pexels-monique-buchholz-479644518-30133608-600x900.jpg 600w, https:\/\/onlyteach.de\/wp-content\/uploads\/2025\/06\/pexels-monique-buchholz-479644518-30133608-scaled.jpg 1707w\" sizes=\"auto, (max-width: 683px) 100vw, 683px\" \/><span aria-hidden=\"true\" class=\"wp-block-cover__background has-background-dim-0 has-background-dim\" style=\"background-color:#838383\"><\/span><div class=\"wp-block-cover__inner-container is-layout-flow wp-block-cover-is-layout-flow\"><p class=\"has-text-align-center has-large-font-size\"><\/p><\/div><\/div><\/div><\/div>\n\n<div style=\"height:calc( 0.25 * var(--wp--style--root--padding-right, var(--wp--custom--gap--horizontal)))\" aria-hidden=\"true\" class=\"wp-block-spacer\"><\/div><\/div><\/div>\n\n<div style=\"height:calc( 0.25 * var(--wp--style--root--padding-right, var(--wp--custom--gap--horizontal)))\" aria-hidden=\"true\" class=\"wp-block-spacer\"><\/div><\/div><\/div><div style=\"height:50px\" aria-hidden=\"true\" class=\"wp-block-spacer\"><\/div><h2 class=\"wp-block-heading\"><strong><mark style=\"background-color:rgba(0, 0, 0, 0)\" class=\"has-inline-color has-vivid-red-color\">Monatsabonnement<\/mark><\/strong><\/h2><div class=\"wp-block-group alignfull is-content-justification-center\" style=\"margin-top:0;margin-bottom:0;padding-top:calc( 0.5 * var(--wp--style--root--padding-right, var(--wp--custom--gap--horizontal)));padding-right:var(--wp--style--root--padding-right, var(--wp--custom--gap--horizontal));padding-bottom:calc( 0.5 * var(--wp--style--root--padding-right, var(--wp--custom--gap--horizontal)));padding-left:var(--wp--style--root--padding-left, var(--wp--custom--gap--horizontal))\"><div class=\"wp-block-group__inner-container is-layout-constrained wp-container-core-group-is-layout-b073b61b wp-block-group-is-layout-constrained\"><div style=\"height:calc( 0.25 * var(--wp--style--root--padding-right, var(--wp--custom--gap--horizontal)))\" aria-hidden=\"true\" class=\"wp-block-spacer\"><\/div>\n\n<div style=\"height:132px\" aria-hidden=\"true\" class=\"wp-block-spacer\"><\/div><\/div><\/div><div class=\"wp-block-group alignfull is-content-justification-center\" style=\"margin-top:0;margin-bottom:0;padding-top:calc( 0.5 * var(--wp--style--root--padding-right, var(--wp--custom--gap--horizontal)));padding-right:var(--wp--style--root--padding-right, var(--wp--custom--gap--horizontal));padding-bottom:calc( 0.5 * var(--wp--style--root--padding-right, var(--wp--custom--gap--horizontal)));padding-left:var(--wp--style--root--padding-left, var(--wp--custom--gap--horizontal))\"><div class=\"wp-block-group__inner-container is-layout-constrained wp-container-core-group-is-layout-bea43fe8 wp-block-group-is-layout-constrained\"><div style=\"height:calc( 0.25 * var(--wp--style--root--padding-right, var(--wp--custom--gap--horizontal)))\" aria-hidden=\"true\" class=\"wp-block-spacer\"><\/div>\n\n<div class=\"wp-block-columns alignfull is-layout-flex wp-container-core-columns-is-layout-5f4f44cd wp-block-columns-is-layout-flex\" style=\"padding-top:0;padding-right:0;padding-bottom:0;padding-left:0\"><div class=\"wp-block-column is-layout-flow wp-block-column-is-layout-flow\"><div class=\"wp-block-cover is-light\"><img loading=\"lazy\" decoding=\"async\" width=\"1024\" height=\"683\" class=\"wp-block-cover__image-background wp-image-240 size-large\" alt=\"\" src=\"https:\/\/onlyteach.de\/wp-content\/uploads\/2025\/06\/pexels-scottwebb-1022928-1024x683.jpg\" data-object-fit=\"cover\" srcset=\"https:\/\/onlyteach.de\/wp-content\/uploads\/2025\/06\/pexels-scottwebb-1022928-1024x683.jpg 1024w, https:\/\/onlyteach.de\/wp-content\/uploads\/2025\/06\/pexels-scottwebb-1022928-300x200.jpg 300w, https:\/\/onlyteach.de\/wp-content\/uploads\/2025\/06\/pexels-scottwebb-1022928-768x512.jpg 768w, https:\/\/onlyteach.de\/wp-content\/uploads\/2025\/06\/pexels-scottwebb-1022928-1536x1024.jpg 1536w, https:\/\/onlyteach.de\/wp-content\/uploads\/2025\/06\/pexels-scottwebb-1022928-2048x1365.jpg 2048w, https:\/\/onlyteach.de\/wp-content\/uploads\/2025\/06\/pexels-scottwebb-1022928-600x400.jpg 600w\" sizes=\"auto, (max-width: 1024px) 100vw, 1024px\" \/><span aria-hidden=\"true\" class=\"wp-block-cover__background has-background-dim-0 has-background-dim\" style=\"background-color:#a6abb0\"><\/span><div class=\"wp-block-cover__inner-container is-layout-flow wp-block-cover-is-layout-flow\"><p class=\"has-text-align-center has-large-font-size\"> <\/p><\/div><\/div><\/div>\n\n<div class=\"wp-block-column is-vertically-aligned-center is-layout-constrained wp-container-core-column-is-layout-82686151 wp-block-column-is-layout-constrained\" style=\"padding-top:0;padding-right:0;padding-bottom:0;padding-left:0\"><div class=\"wp-block-group alignfull\" style=\"margin-top:var(--wp--preset--spacing--40);margin-bottom:var(--wp--preset--spacing--40);padding-top:0px;padding-right:60px;padding-bottom:0px;padding-left:60px\"><div class=\"wp-block-group__inner-container is-layout-flow wp-block-group-is-layout-flow\"><h2 class=\"wp-block-heading has-text-align-left has-large-font-size\"><mark style=\"background-color:rgba(0, 0, 0, 0)\" class=\"has-inline-color has-black-color\">Lernen, das bleibt \u2013 Monat f\u00fcr Monat!<\/mark><\/h2>\n\n<p style=\"margin-bottom:var(--wp--preset--spacing--40)\">Starte mit unserem Monatsabo: <strong><mark style=\"background-color:rgba(0, 0, 0, 0)\" class=\"has-inline-color has-vivid-red-color\">2 x 45 Minuten Nachhilfe pro Woche f\u00fcr  159\u20ac<\/mark><\/strong> \u2013 ob Hausaufgabenhilfe, Einzelunterricht, Gruppenlernen oder Kursbesuche. Flexibel einsetzbar, individuell abgestimmt und buchbar <strong>vor Ort oder virtuell<\/strong>.<\/p>\n\n<div class=\"wp-block-buttons is-layout-flex wp-block-buttons-is-layout-flex\" style=\"margin-top:64px\"><div class=\"wp-block-button has-custom-font-size\"><a class=\"wp-block-button__link has-text-align-left wp-element-button\" href=\"https:\/\/onlyteach.de\/?page_id=68\">Meld dich<\/a><\/div><\/div><\/div><\/div><\/div><\/div>\n\n<div class=\"wp-block-columns alignfull is-layout-flex wp-container-core-columns-is-layout-5f4f44cd wp-block-columns-is-layout-flex\" style=\"padding-top:0;padding-right:0;padding-bottom:0;padding-left:0\"><div class=\"wp-block-column is-vertically-aligned-center is-layout-flow wp-block-column-is-layout-flow\" style=\"padding-top:0;padding-right:0;padding-bottom:0;padding-left:0\"><div class=\"wp-block-group\" style=\"padding-top:50px;padding-right:50px;padding-bottom:50px;padding-left:50px\"><div class=\"wp-block-group__inner-container is-layout-constrained wp-container-core-group-is-layout-e8344f45 wp-block-group-is-layout-constrained\"><div class=\"wp-block-group\"><div class=\"wp-block-group__inner-container is-layout-flow wp-block-group-is-layout-flow\"><h5 class=\"wp-block-heading\" style=\"text-transform:capitalize\"><strong>Verl\u00e4sslich<\/strong> <\/h5>\n\n<p style=\"margin-top:25px;margin-right:0;margin-bottom:0;margin-left:0;padding-top:0;padding-right:0;padding-bottom:0;padding-left:0\">Unser Angebot ist flexibel und auf deine Bed\u00fcrfnisse abgestimmt: Ob Hausaufgabenhilfe, Einzel- oder Gruppenunterricht \u2013 online oder vor Ort. Wir sorgen daf\u00fcr, dass Lernen jederzeit gut organisiert und zuverl\u00e4ssig stattfindet.<\/p>\n\n<p><\/p><\/div><\/div>\n\n<div class=\"wp-block-group\"><div class=\"wp-block-group__inner-container is-layout-flow wp-block-group-is-layout-flow\"><h5 class=\"wp-block-heading\" style=\"text-transform:capitalize\"><strong>Erfolgreich<\/strong><\/h5>\n\n<p style=\"margin-top:25px\">Kontinuierliche F\u00f6rderung zahlt sich aus: Mit unserem Monatsabo gewinnt dein Kind mehr Selbstvertrauen und bessere Noten. So wird Lernen nicht zum Stress, sondern zum Erfolgserlebnis \u2013 jeden Monat aufs Neue<\/p><\/div><\/div><\/div><\/div><\/div>\n\n<div class=\"wp-block-column is-vertically-aligned-center is-layout-flow wp-block-column-is-layout-flow\"><div class=\"wp-block-cover is-light\"><img loading=\"lazy\" decoding=\"async\" width=\"1024\" height=\"684\" class=\"wp-block-cover__image-background wp-image-241 size-large\" alt=\"\" src=\"https:\/\/onlyteach.de\/wp-content\/uploads\/2025\/06\/pexels-leeloothefirst-5386754-1024x684.jpg\" data-object-fit=\"cover\" srcset=\"https:\/\/onlyteach.de\/wp-content\/uploads\/2025\/06\/pexels-leeloothefirst-5386754-1024x684.jpg 1024w, https:\/\/onlyteach.de\/wp-content\/uploads\/2025\/06\/pexels-leeloothefirst-5386754-300x200.jpg 300w, https:\/\/onlyteach.de\/wp-content\/uploads\/2025\/06\/pexels-leeloothefirst-5386754-768x513.jpg 768w, https:\/\/onlyteach.de\/wp-content\/uploads\/2025\/06\/pexels-leeloothefirst-5386754-1536x1025.jpg 1536w, https:\/\/onlyteach.de\/wp-content\/uploads\/2025\/06\/pexels-leeloothefirst-5386754-2048x1367.jpg 2048w, https:\/\/onlyteach.de\/wp-content\/uploads\/2025\/06\/pexels-leeloothefirst-5386754-600x401.jpg 600w\" sizes=\"auto, (max-width: 1024px) 100vw, 1024px\" \/><span aria-hidden=\"true\" class=\"wp-block-cover__background has-background-dim-0 has-background-dim\" style=\"background-color:#8b8d94\"><\/span><div class=\"wp-block-cover__inner-container is-layout-flow wp-block-cover-is-layout-flow\"><p class=\"has-text-align-center has-large-font-size\"> <\/p><\/div><\/div><\/div><\/div>\n\n<div style=\"height:calc( 0.25 * var(--wp--style--root--padding-right, var(--wp--custom--gap--horizontal)))\" aria-hidden=\"true\" class=\"wp-block-spacer\"><\/div><\/div><\/div><div style=\"height:50px\" aria-hidden=\"true\" class=\"wp-block-spacer\"><\/div><h2 class=\"wp-block-heading\"><strong><mark style=\"background-color:rgba(0, 0, 0, 0)\" class=\"has-inline-color has-vivid-red-color\">Jahresabo<\/mark><\/strong><\/h2><div style=\"height:132px\" aria-hidden=\"true\" class=\"wp-block-spacer\"><\/div><div class=\"wp-block-group alignfull is-content-justification-center\" style=\"margin-top:0;margin-bottom:0;padding-top:calc( 0.5 * var(--wp--style--root--padding-right, var(--wp--custom--gap--horizontal)));padding-right:var(--wp--style--root--padding-right, var(--wp--custom--gap--horizontal));padding-bottom:calc( 0.5 * var(--wp--style--root--padding-right, var(--wp--custom--gap--horizontal)));padding-left:var(--wp--style--root--padding-left, var(--wp--custom--gap--horizontal))\"><div class=\"wp-block-group__inner-container is-layout-constrained wp-container-core-group-is-layout-bea43fe8 wp-block-group-is-layout-constrained\"><div style=\"height:calc( 0.25 * var(--wp--style--root--padding-right, var(--wp--custom--gap--horizontal)))\" aria-hidden=\"true\" class=\"wp-block-spacer\"><\/div>\n\n<div class=\"wp-block-columns alignfull is-layout-flex wp-container-core-columns-is-layout-5f4f44cd wp-block-columns-is-layout-flex\" style=\"padding-top:0;padding-right:0;padding-bottom:0;padding-left:0\"><div class=\"wp-block-column is-layout-flow wp-block-column-is-layout-flow\"><div class=\"wp-block-cover is-light\"><img loading=\"lazy\" decoding=\"async\" width=\"1024\" height=\"683\" class=\"wp-block-cover__image-background wp-image-242 size-large\" alt=\"\" src=\"https:\/\/onlyteach.de\/wp-content\/uploads\/2025\/06\/pexels-gaurav007-352097-1024x683.jpg\" data-object-fit=\"cover\" srcset=\"https:\/\/onlyteach.de\/wp-content\/uploads\/2025\/06\/pexels-gaurav007-352097-1024x683.jpg 1024w, https:\/\/onlyteach.de\/wp-content\/uploads\/2025\/06\/pexels-gaurav007-352097-300x200.jpg 300w, https:\/\/onlyteach.de\/wp-content\/uploads\/2025\/06\/pexels-gaurav007-352097-768x512.jpg 768w, https:\/\/onlyteach.de\/wp-content\/uploads\/2025\/06\/pexels-gaurav007-352097-1536x1024.jpg 1536w, https:\/\/onlyteach.de\/wp-content\/uploads\/2025\/06\/pexels-gaurav007-352097-2048x1365.jpg 2048w, https:\/\/onlyteach.de\/wp-content\/uploads\/2025\/06\/pexels-gaurav007-352097-600x400.jpg 600w\" sizes=\"auto, (max-width: 1024px) 100vw, 1024px\" \/><span aria-hidden=\"true\" class=\"wp-block-cover__background has-background-dim-0 has-background-dim\" style=\"background-color:#98825d\"><\/span><div class=\"wp-block-cover__inner-container is-layout-flow wp-block-cover-is-layout-flow\"><p class=\"has-text-align-center has-large-font-size\"> <\/p><\/div><\/div><\/div>\n\n<div class=\"wp-block-column is-vertically-aligned-center is-layout-constrained wp-container-core-column-is-layout-82686151 wp-block-column-is-layout-constrained\" style=\"padding-top:0;padding-right:0;padding-bottom:0;padding-left:0\"><div class=\"wp-block-group alignfull\" style=\"margin-top:var(--wp--preset--spacing--40);margin-bottom:var(--wp--preset--spacing--40);padding-top:0px;padding-right:60px;padding-bottom:0px;padding-left:60px\"><div class=\"wp-block-group__inner-container is-layout-flow wp-block-group-is-layout-flow\"><h2 class=\"wp-block-heading has-text-align-left has-large-font-size\"><strong>12 Monate volle F\u00f6rderung<\/strong><\/h2>\n\n<p style=\"margin-bottom:var(--wp--preset--spacing--40)\">Mit unserem <strong><mark style=\"background-color:rgba(0, 0, 0, 0)\" class=\"has-inline-color has-vivid-red-color\">Jahresabo sicherst du dir 3 x 45 Minuten Nachhilfe pro Woche f\u00fcr 79\u20ac\/Monat<\/mark><\/strong> \u2013 egal ob Hausaufgabenhilfe, Einzelunterricht, Gruppenunterricht oder Kurse. Flexibel und zuverl\u00e4ssig, virtuell oder vor Ort. F\u00fcr langfristigen Lernerfolg und echte Fortschritte.<\/p>\n\n<div class=\"wp-block-buttons is-layout-flex wp-block-buttons-is-layout-flex\" style=\"margin-top:64px\"><div class=\"wp-block-button has-custom-font-size\"><a class=\"wp-block-button__link has-text-align-left wp-element-button\" href=\"https:\/\/onlyteach.de\/?page_id=68\">Meld dich<\/a><\/div><\/div><\/div><\/div><\/div><\/div>\n\n<div class=\"wp-block-columns alignfull is-layout-flex wp-container-core-columns-is-layout-5f4f44cd wp-block-columns-is-layout-flex\" style=\"padding-top:0;padding-right:0;padding-bottom:0;padding-left:0\"><div class=\"wp-block-column is-vertically-aligned-center is-layout-flow wp-block-column-is-layout-flow\" style=\"padding-top:0;padding-right:0;padding-bottom:0;padding-left:0\"><div class=\"wp-block-group\" style=\"padding-top:50px;padding-right:50px;padding-bottom:50px;padding-left:50px\"><div class=\"wp-block-group__inner-container is-layout-constrained wp-container-core-group-is-layout-e8344f45 wp-block-group-is-layout-constrained\"><div class=\"wp-block-group\"><div class=\"wp-block-group__inner-container is-layout-flow wp-block-group-is-layout-flow\"><h5 class=\"wp-block-heading\" style=\"text-transform:capitalize\"><strong>Langfristige Planungssicherheit<\/strong><\/h5>\n\n<p style=\"margin-top:25px;margin-right:0;margin-bottom:0;margin-left:0;padding-top:0;padding-right:0;padding-bottom:0;padding-left:0\">Mit dem Jahresabo hast du die Gewissheit, dass dein Kind \u00fcber 12 Monate kontinuierlich gef\u00f6rdert wird \u2013 ohne Unterbrechungen und immer mit festem Zeitplan. So wird Lernen zur Gewohnheit und Lernerfolg planbar.<\/p>\n\n<p><\/p><\/div><\/div>\n\n<div class=\"wp-block-group\"><div class=\"wp-block-group__inner-container is-layout-flow wp-block-group-is-layout-flow\"><h5 class=\"wp-block-heading\" style=\"text-transform:capitalize\"><strong>Rundum sorglos Paket<\/strong><\/h5>\n\n<p style=\"margin-top:25px\">Inklusive sind 3 x 45 Minuten pro Woche f\u00fcr alle Themen und F\u00e4cher. So decken wir Hausaufgabenhilfe, Pr\u00fcfungsvorbereitung und Kurse ab \u2013 individuell abgestimmt und mit pers\u00f6nlicher Betreuung f\u00fcr nachhaltigen Erfolg.<\/p><\/div><\/div><\/div><\/div><\/div>\n\n<div class=\"wp-block-column is-vertically-aligned-center is-layout-flow wp-block-column-is-layout-flow\"><div class=\"wp-block-cover is-light\"><img loading=\"lazy\" decoding=\"async\" width=\"1024\" height=\"680\" class=\"wp-block-cover__image-background wp-image-243 size-large\" alt=\"\" src=\"https:\/\/onlyteach.de\/wp-content\/uploads\/2025\/06\/pexels-pixabay-39578-1024x680.jpg\" data-object-fit=\"cover\" srcset=\"https:\/\/onlyteach.de\/wp-content\/uploads\/2025\/06\/pexels-pixabay-39578-1024x680.jpg 1024w, https:\/\/onlyteach.de\/wp-content\/uploads\/2025\/06\/pexels-pixabay-39578-300x199.jpg 300w, https:\/\/onlyteach.de\/wp-content\/uploads\/2025\/06\/pexels-pixabay-39578-768x510.jpg 768w, https:\/\/onlyteach.de\/wp-content\/uploads\/2025\/06\/pexels-pixabay-39578-1536x1020.jpg 1536w, https:\/\/onlyteach.de\/wp-content\/uploads\/2025\/06\/pexels-pixabay-39578-2048x1360.jpg 2048w, https:\/\/onlyteach.de\/wp-content\/uploads\/2025\/06\/pexels-pixabay-39578-600x398.jpg 600w\" sizes=\"auto, (max-width: 1024px) 100vw, 1024px\" \/><span aria-hidden=\"true\" class=\"wp-block-cover__background has-background-dim-0 has-background-dim\" style=\"background-color:#8d8f91\"><\/span><div class=\"wp-block-cover__inner-container is-layout-flow wp-block-cover-is-layout-flow\"><p class=\"has-text-align-center has-large-font-size\"> <\/p><\/div><\/div><\/div><\/div>\n\n<div style=\"height:calc( 0.25 * var(--wp--style--root--padding-right, var(--wp--custom--gap--horizontal)))\" aria-hidden=\"true\" class=\"wp-block-spacer\"><\/div><\/div><\/div><p><\/p>","protected":false},"excerpt":{"rendered":"<p>Stundenpacket 10 x volle F\u00f6rderung \u2013 ein Preis! Sichern Sie sich unser beliebtes Stundenpaket: 10 x 45 Minuten Einzelunterricht f\u00fcr nur 315 \u20ac. Ob Hausaufgabenhilfe, Pr\u00fcfungsvorbereitung oder gezielte F\u00f6rderung in unseren Kursen \u2013 flexibel nutzbar vor Ort oder virtuell nach Absprache. Individuell &amp; Effektiv Unser Stundenpaket passt sich an \u2013 ganz nach den Bed\u00fcrfnissen deines &hellip; <\/p>\n<p class=\"link-more\"><a href=\"https:\/\/onlyteach.de\/?page_id=67\" class=\"more-link\">Continue reading<span class=\"screen-reader-text\"> &#8222;Produkte&#8220;<\/span><\/a><\/p>\n","protected":false},"author":1,"featured_media":0,"parent":0,"menu_order":0,"comment_status":"closed","ping_status":"closed","template":"","meta":{"footnotes":""},"class_list":["post-67","page","type-page","status-publish","hentry"],"_links":{"self":[{"href":"https:\/\/onlyteach.de\/index.php?rest_route=\/wp\/v2\/pages\/67","targetHints":{"allow":["GET"]}}],"collection":[{"href":"https:\/\/onlyteach.de\/index.php?rest_route=\/wp\/v2\/pages"}],"about":[{"href":"https:\/\/onlyteach.de\/index.php?rest_route=\/wp\/v2\/types\/page"}],"author":[{"embeddable":true,"href":"https:\/\/onlyteach.de\/index.php?rest_route=\/wp\/v2\/users\/1"}],"replies":[{"embeddable":true,"href":"https:\/\/onlyteach.de\/index.php?rest_route=%2Fwp%2Fv2%2Fcomments&post=67"}],"version-history":[{"count":10,"href":"https:\/\/onlyteach.de\/index.php?rest_route=\/wp\/v2\/pages\/67\/revisions"}],"predecessor-version":[{"id":259,"href":"https:\/\/onlyteach.de\/index.php?rest_route=\/wp\/v2\/pages\/67\/revisions\/259"}],"wp:attachment":[{"href":"https:\/\/onlyteach.de\/index.php?rest_route=%2Fwp%2Fv2%2Fmedia&parent=67"}],"curies":[{"name":"wp","href":"https:\/\/api.w.org\/{rel}","templated":true}]}}